{"id":102,"date":"2020-10-19T16:14:53","date_gmt":"2020-10-19T14:14:53","guid":{"rendered":"https:\/\/neu.cg-ludwigsburg.de\/?page_id=102"},"modified":"2020-11-10T18:14:27","modified_gmt":"2020-11-10T17:14:27","slug":"kontakt","status":"publish","type":"page","link":"https:\/\/neu.cg-ludwigsburg.de\/?page_id=102","title":{"rendered":"Kontakt"},"content":{"rendered":"<div data-colibri-id=\"102-c1\" class=\"style-866 style-local-102-c1 position-relative\">\n  <!----><\/p>\n<div data-colibri-component=\"section\" data-colibri-id=\"102-c2\" id=\"reusable-sections-2\" class=\"h-section h-section-global-spacing d-flex align-items-lg-center align-items-md-center align-items-center style-882 style-local-102-c2 position-relative\">\n    <!----><br \/>\n    <!----><\/p>\n<div class=\"h-section-grid-container h-section-boxed-container\">\n      <!----><\/p>\n<div data-colibri-id=\"102-c3\" class=\"h-row-container gutters-row-lg-2 gutters-row-md-2 gutters-row-0 gutters-row-v-lg-2 gutters-row-v-md-2 gutters-row-v-2 style-883 style-local-102-c3 position-relative\">\n        <!----><\/p>\n<div class=\"h-row justify-content-lg-center justify-content-md-center justify-content-center align-items-lg-stretch align-items-md-stretch align-items-stretch gutters-col-lg-2 gutters-col-md-2 gutters-col-0 gutters-col-v-lg-2 gutters-col-v-md-2 gutters-col-v-2\">\n          <!----><\/p>\n<div class=\"h-column h-column-container d-flex h-col-lg-auto h-col-md-auto h-col-auto style-884-outer style-local-102-c4-outer\">\n<div data-colibri-id=\"102-c4\" class=\"d-flex h-flex-basis h-column__inner h-px-lg-2 h-px-md-2 h-px-2 v-inner-lg-2 v-inner-md-2 v-inner-2 style-884 style-local-102-c4 position-relative\">\n              <!----><br \/>\n              <!----><\/p>\n<div class=\"w-100 h-y-container h-column__content h-column__v-align flex-basis-100 align-self-lg-start align-self-md-start align-self-start\">\n                <!----><\/p>\n<div data-colibri-id=\"102-c5\" class=\"h-x-container style-885 style-local-102-c5 position-relative h-element\">\n                  <!----><\/p>\n<div class=\"h-x-container-inner style-dynamic-102-c5-group style-885-spacing style-local-102-c5-spacing\"><span class=\"h-link__outer style-886-outer style-local-102-c6-outer d-inline-flex h-element\"><a h-use-smooth-scroll=\"true\" href=\"https:\/\/neu.cg-ludwigsburg.de\"  data-colibri-id=\"102-c6\" class=\"d-flex w-100 align-items-center h-link style-886 style-local-102-c6 position-relative\"><!----><span  class=\"h-svg-icon h-link__icon style-886-icon style-local-102-c6-icon\"><!--Icon by Font Awesome (https:\/\/fontawesome.com)--><svg version=\"1.1\" xmlns=\"http:\/\/www.w3.org\/2000\/svg\" xmlns:xlink=\"http:\/\/www.w3.org\/1999\/xlink\" id=\"arrow-left\" viewBox=\"0 0 1536 1896.0833\"><path d=\"M1536 896v128q0 53-32.5 90.5T1419 1152H715l293 294q38 36 38 90t-38 90l-75 76q-37 37-90 37-52 0-91-37l-651-652q-37-37-37-90 0-52 37-91l651-650q38-38 91-38 52 0 90 38l75 74q38 38 38 91t-38 91L715 768h704q52 0 84.5 37.5T1536 896z\"><\/path><\/svg><\/span>                    <span>zur\u00fcck<\/span><\/a><br \/>\n                    <\/span>\n                  <\/div>\n<\/p><\/div>\n<div data-colibri-id=\"102-c7\" class=\"h-text h-text-component style-887 style-local-102-c7 position-relative h-element\">\n                  <!----><br \/>\n                  <!----><\/p>\n<div class=\"\">\n<p>Kontakt<\/p>\n<\/p><\/div>\n<\/p><\/div>\n<div data-colibri-id=\"102-c8\" class=\"h-text h-text-component style-888 style-local-102-c8 position-relative h-element\">\n                  <!----><br \/>\n                  <!----><\/p>\n<div class=\"\">\n<p>Sie haben noch Fragen, oder wollen sich weiter informieren, dann nehmen Sie Kontakt mit uns auf, schreiben Sie ein Mail oder f\u00fcllen Sie unten das Formular aus<\/p>\n<\/p><\/div>\n<\/p><\/div>\n<div data-colibri-id=\"102-c9\" class=\"h-text h-text-component style-908 style-local-102-c9 position-relative h-element\">\n                  <!----><br \/>\n                  <!----><\/p>\n<div class=\"\">\n<p>Anschrift<\/p>\n<\/p><\/div>\n<\/p><\/div>\n<div data-colibri-id=\"102-c10\" class=\"h-text h-text-component style-909 style-local-102-c10 position-relative h-element\">\n                  <!----><br \/>\n                  <!----><\/p>\n<div class=\"\">\n<p>Christliche Gemeinde Ludwigsburg O\u00dfweil<br \/>\n                      <br \/>Wikingerstr. 10<br \/>\n                      <br \/>71640 Ludwigsburg<\/p>\n<\/p><\/div>\n<\/p><\/div>\n<div data-colibri-id=\"102-c11\" class=\"h-row-container gutters-row-lg-0 gutters-row-md-0 gutters-row-0 gutters-row-v-lg-0 gutters-row-v-md-0 gutters-row-v-0 style-889 style-local-102-c11 position-relative\">\n                  <!----><\/p>\n<div class=\"h-row justify-content-lg-center justify-content-md-center justify-content-center align-items-lg-stretch align-items-md-stretch align-items-stretch gutters-col-lg-0 gutters-col-md-0 gutters-col-0 gutters-col-v-lg-0 gutters-col-v-md-0 gutters-col-v-0\">\n                    <!----><\/p>\n<div class=\"h-column h-column-container d-flex h-col-lg-auto h-col-md-auto h-col-auto style-890-outer style-local-102-c12-outer\">\n<div data-colibri-id=\"102-c12\" class=\"d-flex h-flex-basis h-column__inner h-px-lg-0 h-px-md-0 h-px-0 v-inner-lg-0 v-inner-md-0 v-inner-0 style-890 style-local-102-c12 position-relative\">\n                        <!----><br \/>\n                        <!----><\/p>\n<div class=\"w-100 h-y-container h-column__content h-column__v-align flex-basis-100 align-self-lg-center align-self-md-center align-self-center\">\n                          <!----><\/p>\n<div data-colibri-id=\"102-c13\" class=\"h-global-transition-all h-heading style-891 style-local-102-c13 position-relative h-element\">\n                            <!----><\/p>\n<div class=\"h-heading__outer style-891 style-local-102-c13\">\n                              <!----><br \/>\n                              <!----><\/p>\n<h4 class=\"\">Kontakt Information<\/h4>\n<\/p><\/div>\n<\/p><\/div>\n<div data-colibri-id=\"102-c14\" class=\"h-icon style-892 style-local-102-c14 position-relative h-element\">\n                            <!----><span class=\"h-svg-icon h-icon__icon style-892-icon style-local-102-c14-icon\"><!--Icon by Font Awesome (https:\/\/fontawesome.com)--><svg version=\"1.1\" xmlns=\"http:\/\/www.w3.org\/2000\/svg\" xmlns:xlink=\"http:\/\/www.w3.org\/1999\/xlink\" id=\"envelope-o\" viewBox=\"0 0 1792 1896.0833\"><path d=\"M1664 1504V736q-32 36-69 66-268 206-426 338-51 43-83 67t-86.5 48.5T897 1280h-2q-48 0-102.5-24.5T706 1207t-83-67q-158-132-426-338-37-30-69-66v768q0 13 9.5 22.5t22.5 9.5h1472q13 0 22.5-9.5t9.5-22.5zm0-1051v-24.5l-.5-13-3-12.5-5.5-9-9-7.5-14-2.5H160q-13 0-22.5 9.5T128 416q0 168 147 284 193 152 401 317 6 5 35 29.5t46 37.5 44.5 31.5T852 1143t43 9h2q20 0 43-9t50.5-27.5 44.5-31.5 46-37.5 35-29.5q208-165 401-317 54-43 100.5-115.5T1664 453zm128-37v1088q0 66-47 113t-113 47H160q-66 0-113-47T0 1504V416q0-66 47-113t113-47h1472q66 0 113 47t47 113z\"><\/path><\/svg><\/span><\/div>\n<div\n                            data-colibri-id=\"102-c15\" class=\"h-global-transition-all h-heading style-893 style-local-102-c15 position-relative h-element\"><br \/>\n                            <!----><\/p>\n<div class=\"h-heading__outer style-893 style-local-102-c15\">\n                              <!----><br \/>\n                              <!----><\/p>\n<h5 class=\"\">f\u00fcllen Sie das Formular aus, oder schicken Sie eine Mail an:<\/h5>\n<\/p><\/div>\n<\/p><\/div>\n<div data-colibri-id=\"102-c16\" class=\"h-x-container style-894 style-local-102-c16 position-relative h-element\">\n                          <!----><\/p>\n<div class=\"h-x-container-inner style-dynamic-102-c16-group style-894-spacing style-local-102-c16-spacing\"><span class=\"h-link__outer style-895-outer style-local-102-c17-outer d-inline-flex h-element\"><a h-use-smooth-scroll=\"true\" href=\"mailto:info@cg-ludwigsburg.de\"  data-colibri-id=\"102-c17\" class=\"d-flex w-100 align-items-center h-link style-895 style-local-102-c17 position-relative\"><!----><span  class=\"h-svg-icon h-link__icon style-895-icon style-local-102-c17-icon\"><!--Icon by Font Awesome (https:\/\/fontawesome.com)--><svg version=\"1.1\" xmlns=\"http:\/\/www.w3.org\/2000\/svg\" xmlns:xlink=\"http:\/\/www.w3.org\/1999\/xlink\" id=\"send-o\" viewBox=\"0 0 1792.003 1896.0833\"><path d=\"M1764.003 11q33 24 27 64l-256 1536q-5 29-32 45-14 8-31 8-11 0-24-5l-527-215-298 327q-18 21-47 21-14 0-23-4-19-7-30-23.5t-11-36.5v-452l-472-193q-37-14-40-55-3-39 32-59l1664-960q35-21 68 2zm-342 1499l221-1323-1434 827 336 137 863-639-478 797z\"><\/path><\/svg><\/span>                            <span>info@cg-ludwigsburg.de<\/span><\/a><br \/>\n                            <\/span>\n                          <\/div>\n<\/p><\/div>\n<\/p><\/div>\n<\/p><\/div>\n<\/p><\/div>\n<div class=\"h-column h-column-container d-flex h-col-lg-auto h-col-md-auto h-col-auto style-896-outer style-local-102-c18-outer\">\n<div data-colibri-id=\"102-c18\" class=\"d-flex h-flex-basis h-column__inner h-px-lg-0 h-px-md-0 h-px-0 v-inner-lg-0 v-inner-md-0 v-inner-0 style-896 style-local-102-c18 position-relative\">\n                      <!----><br \/>\n                      <!----><\/p>\n<div class=\"w-100 h-y-container h-column__content h-column__v-align flex-basis-100 align-self-lg-center align-self-md-center align-self-center\">\n                        <!----><\/p>\n<div data-colibri-id=\"102-c19\" class=\"style-897 style-local-102-c19 position-relative h-element\">\n                          <!----><\/p>\n<div class=\"h-global-transition-all h-global-transition h-global-transition-all h-contact-form-shortcode\">[colibri_contact_form use_shortcode_style=&#8220;0&#8243; shortcode=&#8220;JTVCY29udGFjdC1mb3JtLTclMjBpZCUzRCUyMjE1NiUyMiUyMHRpdGxlJTNEJTIyS29udGFrdGZvcm11bGFyJTIwMSUyMiU1RA==&#8220;]<\/div>\n<\/p><\/div>\n<\/p><\/div>\n<\/p><\/div>\n<\/p><\/div>\n<\/p><\/div>\n<\/p><\/div>\n<div data-colibri-id=\"102-c20\" class=\"h-x-container style-898 style-local-102-c20 position-relative h-element\">\n                <!----><\/p>\n<div class=\"h-x-container-inner style-dynamic-102-c20-group style-898-spacing style-local-102-c20-spacing\"><span class=\"h-link__outer style-899-outer style-local-102-c21-outer d-inline-flex h-element\"><a h-use-smooth-scroll=\"true\" href=\"https:\/\/neu.cg-ludwigsburg.de\"  data-colibri-id=\"102-c21\" class=\"d-flex w-100 align-items-center h-link style-899 style-local-102-c21 position-relative\"><!----><span  class=\"h-svg-icon h-link__icon style-899-icon style-local-102-c21-icon\"><!--Icon by Font Awesome (https:\/\/fontawesome.com)--><svg version=\"1.1\" xmlns=\"http:\/\/www.w3.org\/2000\/svg\" xmlns:xlink=\"http:\/\/www.w3.org\/1999\/xlink\" id=\"arrow-left\" viewBox=\"0 0 1536 1896.0833\"><path d=\"M1536 896v128q0 53-32.5 90.5T1419 1152H715l293 294q38 36 38 90t-38 90l-75 76q-37 37-90 37-52 0-91-37l-651-652q-37-37-37-90 0-52 37-91l651-650q38-38 91-38 52 0 90 38l75 74q38 38 38 91t-38 91L715 768h704q52 0 84.5 37.5T1536 896z\"><\/path><\/svg><\/span>                  <span>zur\u00fcck<\/span><\/a><br \/>\n                  <\/span>\n                <\/div>\n<\/p><\/div>\n<\/p><\/div>\n<\/p><\/div>\n<\/p><\/div>\n<div class=\"h-column h-column-container d-flex h-col-lg-auto h-col-md-auto h-col-auto style-900-outer style-local-102-c22-outer\">\n<div data-colibri-id=\"102-c22\" class=\"d-flex h-flex-basis h-column__inner h-ui-empty-state-container h-px-lg-2 h-px-md-2 h-px-2 v-inner-lg-2 v-inner-md-2 v-inner-2 style-900 style-local-102-c22 position-relative\">\n            <!----><br \/>\n            <!----><\/p>\n<div class=\"w-100 h-y-container h-column__content h-column__v-align flex-basis-100\">\n              <!---->\n            <\/div>\n<\/p><\/div>\n<\/p><\/div>\n<div class=\"h-column h-column-container d-flex h-col-lg-auto h-col-md-auto h-col-auto style-901-outer style-local-102-c23-outer\">\n<div data-colibri-id=\"102-c23\" class=\"d-flex h-flex-basis h-column__inner h-px-lg-2 h-px-md-2 h-px-2 v-inner-lg-2 v-inner-md-2 v-inner-2 style-901 style-local-102-c23 position-relative\">\n            <!----><br \/>\n            <!----><\/p>\n<div class=\"w-100 h-y-container h-column__content h-column__v-align flex-basis-100 align-self-lg-start align-self-md-start align-self-start\">\n              <!----><\/p>\n<div data-colibri-id=\"102-c24\" class=\"h-global-transition-all h-heading style-902 style-local-102-c24 position-relative h-element\">\n                <!----><\/p>\n<div class=\"h-heading__outer style-902 style-local-102-c24\">\n                  <!----><br \/>\n                  <!----><\/p>\n<h2 class=\"\">Impuls f\u00fcr den Tag<\/h2>\n<\/p><\/div>\n<\/p><\/div>\n<div data-colibri-id=\"102-c25\" class=\"h-text h-text-component style-903 style-local-102-c25 position-relative h-element\">\n                <!----><br \/>\n                <!----><\/p>\n<div class=\"\">\n<p>hier finden Sie einen kurzen nachdenklichen Text f\u00fcr jeden Tag.<\/p>\n<\/p><\/div>\n<\/p><\/div>\n<div data-colibri-id=\"102-c26\" class=\"h-text h-text-component style-904 style-local-102-c26 position-relative h-element\">\n                <!----><br \/>\n                <!----><\/p>\n<div class=\"\">\n<p>Kalender &#8222;die Gute Saat&#8220;<\/p>\n<\/p><\/div>\n<\/p><\/div>\n<div data-colibri-id=\"102-c27\" class=\"d-block style-905 style-local-102-c27 position-relative h-element\">\n                <!----><\/p>\n<div class=\"h-image__frame-container-outer\">\n                  <a href=\"https:\/\/neu.cg-ludwigsburg.de\/?page_id=83\" h-use-smooth-scroll=\"true\" class=\"image-link\"><\/p>\n<div class=\"h-image__frame-container\">\n                      <!----><br \/>\n                      <!----><br \/>\n                      <img decoding=\"async\" loading=\"lazy\" width=\"125\" height=\"191\" src=\"https:\/\/neu.cg-ludwigsburg.de\/wp-content\/uploads\/2020\/10\/cropped-cropped-die-gute-saat-2020-buchkalender-paperback191x191-1.jpg\" class=\"wp-image-783 style-905-image style-local-102-c27-image\"><\/p>\n<div class=\"h-image__frame h-hide-lg h-hide-md h-hide-sm style-905-frameImage style-local-102-c27-frameImage\"><\/div>\n<\/p><\/div>\n<p>                  <\/a>\n                <\/div>\n<\/p><\/div>\n<div data-colibri-id=\"102-c28\" class=\"h-text h-text-component style-906 style-local-102-c28 position-relative h-element\">\n                <!----><br \/>\n                <!----><\/p>\n<div class=\"\">\n<p>Kalender &#8222;Leben ist mehr&#8220;<\/p>\n<\/p><\/div>\n<\/p><\/div>\n<div data-colibri-id=\"102-c29\" class=\"d-block style-907 style-local-102-c29 position-relative h-element\">\n                <!----><\/p>\n<div class=\"h-image__frame-container-outer\">\n                  <a href=\"https:\/\/www.lebenistmehr.de\/leben-ist-mehr.html\" target=\"_blank\" h-use-smooth-scroll=\"true\" class=\"image-link\" rel=\"noopener noreferrer\"><\/p>\n<div class=\"h-image__frame-container\">\n                      <!----><br \/>\n                      <!----><br \/>\n                      <img decoding=\"async\" loading=\"lazy\" width=\"194\" height=\"275\" src=\"https:\/\/neu.cg-ludwigsburg.de\/wp-content\/uploads\/2020\/10\/cropped-cropped-leben-ist-mehr-2020-paperback191-1.jpg\" class=\"wp-image-819 style-907-image style-local-102-c29-image\"><\/p>\n<div class=\"h-image__frame h-hide-lg h-hide-md h-hide-sm style-907-frameImage style-local-102-c29-frameImage\"><\/div>\n<\/p><\/div>\n<p>                  <\/a>\n                <\/div>\n<\/p><\/div>\n<\/p><\/div>\n<\/p><\/div>\n<\/p><\/div>\n<\/p><\/div>\n<\/p><\/div>\n<\/p><\/div>\n<\/div>\n<div data-colibri-component=\"section\" data-colibri-id=\"102-c30\" id=\"reusable-sections\" class=\"h-section h-section-global-spacing d-flex align-items-lg-center align-items-md-center align-items-center style-1281 style-local-102-c30 position-relative\">\n  <!----><br \/>\n  <!----><\/p>\n<div class=\"h-section-grid-container h-section-boxed-container\">\n    <!----><\/p>\n<div data-colibri-id=\"102-c31\" class=\"h-row-container gutters-row-lg-2 gutters-row-md-2 gutters-row-0 gutters-row-v-lg-2 gutters-row-v-md-2 gutters-row-v-2 style-1282 style-local-102-c31 position-relative\">\n      <!----><\/p>\n<div class=\"h-row justify-content-lg-center justify-content-md-center justify-content-center align-items-lg-stretch align-items-md-stretch align-items-stretch gutters-col-lg-2 gutters-col-md-2 gutters-col-0 gutters-col-v-lg-2 gutters-col-v-md-2 gutters-col-v-2\">\n        <!----><\/p>\n<div class=\"h-column h-column-container d-flex h-col-lg-auto h-col-md-auto h-col-auto style-1283-outer style-local-102-c32-outer\">\n<div data-colibri-id=\"102-c32\" class=\"d-flex h-flex-basis h-column__inner h-ui-empty-state-container h-px-lg-2 h-px-md-2 h-px-2 v-inner-lg-2 v-inner-md-2 v-inner-2 style-1283 style-local-102-c32 position-relative\">\n            <!----><br \/>\n            <!----><\/p>\n<div class=\"w-100 h-y-container h-column__content h-column__v-align flex-basis-100\">\n              <!---->\n            <\/div>\n<\/p><\/div>\n<\/p><\/div>\n<div class=\"h-column h-column-container d-flex h-col-lg-auto h-col-md-auto h-col-auto style-1284-outer style-local-102-c33-outer\">\n<div data-colibri-id=\"102-c33\" class=\"d-flex h-flex-basis h-column__inner h-px-lg-2 h-px-md-2 h-px-2 v-inner-lg-2 v-inner-md-2 v-inner-2 style-1284 style-local-102-c33 position-relative\">\n            <!----><br \/>\n            <!----><\/p>\n<div class=\"w-100 h-y-container h-column__content h-column__v-align flex-basis-100 align-self-lg-start align-self-md-start align-self-start\">\n              <!----><\/p>\n<div data-colibri-id=\"102-c34\" class=\"h-x-container style-1285 style-local-102-c34 position-relative h-element\">\n                <!----><\/p>\n<div class=\"h-x-container-inner style-dynamic-102-c34-group style-1285-spacing style-local-102-c34-spacing\"><span class=\"h-link__outer style-1286-outer style-local-102-c35-outer d-inline-flex h-element\"><a h-use-smooth-scroll=\"true\" href=\"https:\/\/neu.cg-ludwigsburg.de\/?page_id=146\"  data-colibri-id=\"102-c35\" class=\"d-flex w-100 align-items-center h-link style-1286 style-local-102-c35 position-relative\"><!----><!----> <span>Impressum<\/span><\/a><br \/>\n                  <\/span>\n                <\/div>\n<\/p><\/div>\n<\/p><\/div>\n<\/p><\/div>\n<\/p><\/div>\n<div class=\"h-column h-column-container d-flex h-col-lg-auto h-col-md-auto h-col-auto style-1287-outer style-local-102-c36-outer\">\n<div data-colibri-id=\"102-c36\" class=\"d-flex h-flex-basis h-column__inner h-px-lg-2 h-px-md-2 h-px-2 v-inner-lg-2 v-inner-md-2 v-inner-2 style-1287 style-local-102-c36 position-relative\">\n            <!----><br \/>\n            <!----><\/p>\n<div class=\"w-100 h-y-container h-column__content h-column__v-align flex-basis-100 align-self-lg-start align-self-md-start align-self-start\">\n              <!----><\/p>\n<div data-colibri-id=\"102-c37\" class=\"h-x-container style-1288 style-local-102-c37 position-relative h-element\">\n                <!----><\/p>\n<div class=\"h-x-container-inner style-dynamic-102-c37-group style-1288-spacing style-local-102-c37-spacing\"><span class=\"h-link__outer style-1289-outer style-local-102-c38-outer d-inline-flex h-element\"><a h-use-smooth-scroll=\"true\" href=\"https:\/\/neu.cg-ludwigsburg.de\/?page_id=1687\"  data-colibri-id=\"102-c38\" class=\"d-flex w-100 align-items-center h-link style-1289 style-local-102-c38 position-relative\"><!----><!----> <span>Datenschutz<\/span><\/a><br \/>\n                  <\/span>\n                <\/div>\n<\/p><\/div>\n<\/p><\/div>\n<\/p><\/div>\n<\/p><\/div>\n<div class=\"h-column h-column-container d-flex h-col-lg-auto h-col-md-auto h-col-auto style-1290-outer style-local-102-c39-outer\">\n<div data-colibri-id=\"102-c39\" class=\"d-flex h-flex-basis h-column__inner h-px-lg-2 h-px-md-2 h-px-2 v-inner-lg-2 v-inner-md-2 v-inner-2 style-1290 style-local-102-c39 position-relative\">\n            <!----><br \/>\n            <!----><\/p>\n<div class=\"w-100 h-y-container h-column__content h-column__v-align flex-basis-100 align-self-lg-start align-self-md-start align-self-start\">\n              <!----><\/p>\n<div data-colibri-id=\"102-c40\" class=\"h-x-container style-1291 style-local-102-c40 position-relative h-element\">\n                <!----><\/p>\n<div class=\"h-x-container-inner style-dynamic-102-c40-group style-1291-spacing style-local-102-c40-spacing\"><span class=\"h-link__outer style-1292-outer style-local-102-c41-outer d-inline-flex h-element\"><a h-use-smooth-scroll=\"true\" href=\"https:\/\/neu.cg-ludwigsburg.de\/?page_id=102\"  data-colibri-id=\"102-c41\" class=\"d-flex w-100 align-items-center h-link style-1292 style-local-102-c41 position-relative\"><!----><!----> <span>Kontakt<\/span><\/a><br \/>\n                  <\/span>\n                <\/div>\n<\/p><\/div>\n<\/p><\/div>\n<\/p><\/div>\n<\/p><\/div>\n<div class=\"h-column h-column-container d-flex h-col-lg-auto h-col-md-auto h-col-auto style-1293-outer style-local-102-c42-outer\">\n<div data-colibri-id=\"102-c42\" class=\"d-flex h-flex-basis h-column__inner h-px-lg-2 h-px-md-2 h-px-2 v-inner-lg-2 v-inner-md-2 v-inner-2 style-1293 style-local-102-c42 position-relative\">\n            <!----><br \/>\n            <!----><\/p>\n<div class=\"w-100 h-y-container h-column__content h-column__v-align flex-basis-100 align-self-lg-start align-self-md-start align-self-start\">\n              <!----><\/p>\n<div data-colibri-id=\"102-c43\" class=\"h-x-container style-1294 style-local-102-c43 position-relative h-element\">\n                <!----><\/p>\n<div class=\"h-x-container-inner style-dynamic-102-c43-group style-1294-spacing style-local-102-c43-spacing\"><span class=\"h-link__outer style-1295-outer style-local-102-c44-outer d-inline-flex h-element\"><a h-use-smooth-scroll=\"true\" href=\" https:\/\/neu.cg-ludwigsburg.de\/?page_id=69\"  data-colibri-id=\"102-c44\" class=\"d-flex w-100 align-items-center h-link style-1295 style-local-102-c44 position-relative\"><!----><!----> <span>Anfahrt<\/span><\/a><br \/>\n                  <\/span>\n                <\/div>\n<\/p><\/div>\n<\/p><\/div>\n<\/p><\/div>\n<\/p><\/div>\n<div class=\"h-column h-column-container d-flex h-col-lg-auto h-col-md-auto h-col-auto style-1296-outer style-local-102-c45-outer\">\n<div data-colibri-id=\"102-c45\" class=\"d-flex h-flex-basis h-column__inner h-ui-empty-state-container h-px-lg-2 h-px-md-2 h-px-2 v-inner-lg-2 v-inner-md-2 v-inner-2 style-1296 style-local-102-c45 position-relative\">\n            <!----><br \/>\n            <!----><\/p>\n<div class=\"w-100 h-y-container h-column__content h-column__v-align flex-basis-100\">\n              <!---->\n            <\/div>\n<\/p><\/div>\n<\/p><\/div>\n<\/p><\/div>\n<\/p><\/div>\n<\/p><\/div>\n<\/div>\n<\/div>\n","protected":false},"excerpt":{"rendered":"<p>zur\u00fcck Kontakt Sie haben noch Fragen, oder wollen sich weiter informieren, dann nehmen Sie Kontakt mit uns auf, schreiben Sie ein Mail oder f\u00fcllen Sie unten das Formular aus Anschrift Christliche Gemeinde Ludwigsburg O\u00dfweil Wikingerstr. 10 71640 Ludwigsburg Kontakt Information f\u00fcllen Sie das Formular aus, oder schicken Sie eine Mail an: info@cg-ludwigsburg.de [colibri_contact_form use_shortcode_style=&#8220;0&#8243; shortcode=&#8220;JTVCY29udGFjdC1mb3JtLTclMjBpZCUzRCUyMjE1NiUyMiUyMHRpdGxlJTNEJTIyS29udGFrdGZvcm11bGFyJTIwMSUyMiU1RA==&#8220;] [&hellip;]<\/p>\n","protected":false},"author":1,"featured_media":0,"parent":0,"menu_order":0,"comment_status":"closed","ping_status":"closed","template":"page-templates\/full-width-page.php","meta":[],"_links":{"self":[{"href":"https:\/\/neu.cg-ludwigsburg.de\/index.php?rest_route=\/wp\/v2\/pages\/102"}],"collection":[{"href":"https:\/\/neu.cg-ludwigsburg.de\/index.php?rest_route=\/wp\/v2\/pages"}],"about":[{"href":"https:\/\/neu.cg-ludwigsburg.de\/index.php?rest_route=\/wp\/v2\/types\/page"}],"author":[{"embeddable":true,"href":"https:\/\/neu.cg-ludwigsburg.de\/index.php?rest_route=\/wp\/v2\/users\/1"}],"replies":[{"embeddable":true,"href":"https:\/\/neu.cg-ludwigsburg.de\/index.php?rest_route=%2Fwp%2Fv2%2Fcomments&post=102"}],"version-history":[{"count":20,"href":"https:\/\/neu.cg-ludwigsburg.de\/index.php?rest_route=\/wp\/v2\/pages\/102\/revisions"}],"predecessor-version":[{"id":2200,"href":"https:\/\/neu.cg-ludwigsburg.de\/index.php?rest_route=\/wp\/v2\/pages\/102\/revisions\/2200"}],"wp:attachment":[{"href":"https:\/\/neu.cg-ludwigsburg.de\/index.php?rest_route=%2Fwp%2Fv2%2Fmedia&parent=102"}],"curies":[{"name":"wp","href":"https:\/\/api.w.org\/{rel}","templated":true}]}}