{"id":146,"date":"2020-10-21T11:33:05","date_gmt":"2020-10-21T09:33:05","guid":{"rendered":"https:\/\/neu.cg-ludwigsburg.de\/?page_id=146"},"modified":"2021-02-23T12:28:27","modified_gmt":"2021-02-23T11:28:27","slug":"impressum","status":"publish","type":"page","link":"https:\/\/neu.cg-ludwigsburg.de\/?page_id=146","title":{"rendered":"Impressum"},"content":{"rendered":"<div data-colibri-id=\"146-c1\" class=\"style-758 style-local-146-c1 position-relative\">\n  <!----><\/p>\n<div data-colibri-component=\"section\" data-colibri-id=\"146-c2\" id=\"reusable-sections\" class=\"h-section h-section-global-spacing d-flex align-items-lg-center align-items-md-center align-items-center style-806 style-local-146-c2 position-relative\">\n    <!----><br \/>\n    <!----><\/p>\n<div class=\"h-section-grid-container h-section-boxed-container\">\n      <!----><\/p>\n<div data-colibri-id=\"146-c3\" class=\"h-row-container gutters-row-lg-2 gutters-row-md-2 gutters-row-0 gutters-row-v-lg-2 gutters-row-v-md-2 gutters-row-v-2 style-807 style-local-146-c3 position-relative\">\n        <!----><\/p>\n<div class=\"h-row justify-content-lg-center justify-content-md-center justify-content-center align-items-lg-stretch align-items-md-stretch align-items-stretch gutters-col-lg-2 gutters-col-md-2 gutters-col-0 gutters-col-v-lg-2 gutters-col-v-md-2 gutters-col-v-2\">\n          <!----><\/p>\n<div class=\"h-column h-column-container d-flex h-col-lg-auto h-col-md-auto h-col-auto style-808-outer style-local-146-c4-outer\">\n<div data-colibri-id=\"146-c4\" class=\"d-flex h-flex-basis h-column__inner h-px-lg-2 h-px-md-2 h-px-2 v-inner-lg-2 v-inner-md-2 v-inner-2 style-808 style-local-146-c4 position-relative\">\n              <!----><br \/>\n              <!----><\/p>\n<div class=\"w-100 h-y-container h-column__content h-column__v-align flex-basis-100 align-self-lg-start align-self-md-start align-self-start\">\n                <!----><\/p>\n<div data-colibri-id=\"146-c5\" class=\"h-text h-text-component style-826 style-local-146-c5 position-relative h-element\">\n                  <!----><br \/>\n                  <!----><\/p>\n<div class=\"\">\n<p>Impressum<\/p>\n<\/p><\/div>\n<\/p><\/div>\n<div data-colibri-id=\"146-c6\" class=\"h-text h-text-component style-811 style-local-146-c6 position-relative h-element\">\n                  <!----><br \/>\n                  <!----><\/p>\n<div class=\"\">\n<p>verantwortlich im Sinne \u00a76 TDG<\/p>\n<p>Christliche Gemeinde Ludwigsburg-O\u00dfweil<br \/>\n                      <br \/>Wikingerstr. 10<br \/>\n                      <br \/>71640 Ludwigsburg O\u00dfweil<br \/>\n                      <br \/>Web: www.cg-ludwigsburg.de<br \/>\n                      <br \/>E-Mail: webmaster(at)cg-ludwigsburg.de<\/p>\n<p>\u00a9 by www.cg-ludwigsburg.de<\/p>\n<p>Aus rechtlichen Gr\u00fcnden noch folgender Hinweis: Wir verlinken auf eine Reihe von anderen Webseiten. Das hei\u00dft nicht notwendigerweise, dass wir auch mit den Inhalten dieser Seiten in allen Punkten \u00fcbereinstimmen.<\/p>\n<\/p><\/div>\n<\/p><\/div>\n<div data-colibri-id=\"146-c7\" class=\"h-x-container style-812 style-local-146-c7 position-relative h-element\">\n                  <!----><\/p>\n<div class=\"h-x-container-inner style-dynamic-146-c7-group style-812-spacing style-local-146-c7-spacing\"><span class=\"h-link__outer style-813-outer style-local-146-c8-outer d-inline-flex h-element\"><a h-use-smooth-scroll=\"true\" href=\"https:\/\/neu.cg-ludwigsburg.de\"  data-colibri-id=\"146-c8\" class=\"d-flex w-100 align-items-center h-link style-813 style-local-146-c8 position-relative\"><!----><span  class=\"h-svg-icon h-link__icon style-813-icon style-local-146-c8-icon\"><!--Icon by Font Awesome (https:\/\/fontawesome.com)--><svg version=\"1.1\" xmlns=\"http:\/\/www.w3.org\/2000\/svg\" xmlns:xlink=\"http:\/\/www.w3.org\/1999\/xlink\" id=\"arrow-left\" viewBox=\"0 0 1536 1896.0833\"><path d=\"M1536 896v128q0 53-32.5 90.5T1419 1152H715l293 294q38 36 38 90t-38 90l-75 76q-37 37-90 37-52 0-91-37l-651-652q-37-37-37-90 0-52 37-91l651-650q38-38 91-38 52 0 90 38l75 74q38 38 38 91t-38 91L715 768h704q52 0 84.5 37.5T1536 896z\"><\/path><\/svg><\/span>                    <span>zur\u00fcck<\/span><\/a><br \/>\n                    <\/span>\n                  <\/div>\n<\/p><\/div>\n<\/p><\/div>\n<\/p><\/div>\n<\/p><\/div>\n<div class=\"h-column h-column-container d-flex h-col-lg-auto h-col-md-auto h-col-auto style-814-outer style-local-146-c9-outer\">\n<div data-colibri-id=\"146-c9\" class=\"d-flex h-flex-basis h-column__inner h-ui-empty-state-container h-px-lg-2 h-px-md-2 h-px-2 v-inner-lg-2 v-inner-md-2 v-inner-2 style-814 style-local-146-c9 position-relative\">\n              <!----><br \/>\n              <!----><\/p>\n<div class=\"w-100 h-y-container h-column__content h-column__v-align flex-basis-100\">\n                <!---->\n              <\/div>\n<\/p><\/div>\n<\/p><\/div>\n<div class=\"h-column h-column-container d-flex h-col-lg-auto h-col-md-auto h-col-auto style-815-outer style-local-146-c10-outer\">\n<div data-colibri-id=\"146-c10\" class=\"d-flex h-flex-basis h-column__inner h-px-lg-2 h-px-md-2 h-px-2 v-inner-lg-2 v-inner-md-2 v-inner-2 style-815 style-local-146-c10 position-relative\">\n              <!----><br \/>\n              <!----><\/p>\n<div class=\"w-100 h-y-container h-column__content h-column__v-align flex-basis-100 align-self-lg-start align-self-md-start align-self-start\">\n                <!----><\/p>\n<div data-colibri-id=\"146-c11\" class=\"h-global-transition-all h-heading style-816 style-local-146-c11 position-relative h-element\">\n                  <!----><\/p>\n<div class=\"h-heading__outer style-816 style-local-146-c11\">\n                    <!----><br \/>\n                    <!----><\/p>\n<h2 class=\"\">Impuls f\u00fcr den Tag<\/h2>\n<\/p><\/div>\n<\/p><\/div>\n<div data-colibri-id=\"146-c12\" class=\"h-text h-text-component style-817 style-local-146-c12 position-relative h-element\">\n                  <!----><br \/>\n                  <!----><\/p>\n<div class=\"\">\n<p>hier finden Sie einen kurzen nachdenklichen Text f\u00fcr jeden Tag.<\/p>\n<\/p><\/div>\n<\/p><\/div>\n<div data-colibri-id=\"146-c13\" class=\"h-text h-text-component style-818 style-local-146-c13 position-relative h-element\">\n                  <!----><br \/>\n                  <!----><\/p>\n<div class=\"\">\n<p>Kalender &#8222;die Gute Saat&#8220;<\/p>\n<\/p><\/div>\n<\/p><\/div>\n<div data-colibri-id=\"146-c14\" class=\"d-block style-819 style-local-146-c14 position-relative h-element\">\n                  <!----><\/p>\n<div class=\"h-image__frame-container-outer\">\n                    <a href=\"https:\/\/neu.cg-ludwigsburg.de\/?page_id=83\" h-use-smooth-scroll=\"true\" class=\"image-link\"><\/p>\n<div class=\"h-image__frame-container\">\n                        <!----><br \/>\n                        <!----><br \/>\n                        <img decoding=\"async\" loading=\"lazy\" width=\"125\" height=\"191\" src=\"https:\/\/neu.cg-ludwigsburg.de\/wp-content\/uploads\/2020\/10\/cropped-cropped-die-gute-saat-2020-buchkalender-paperback191x191-1.jpg\" class=\"wp-image-783 style-819-image style-local-146-c14-image\"><\/p>\n<div class=\"h-image__frame h-hide-lg h-hide-md h-hide-sm style-819-frameImage style-local-146-c14-frameImage\"><\/div>\n<\/p><\/div>\n<p>                    <\/a>\n                  <\/div>\n<\/p><\/div>\n<div data-colibri-id=\"146-c15\" class=\"h-text h-text-component style-820 style-local-146-c15 position-relative h-element\">\n                  <!----><br \/>\n                  <!----><\/p>\n<div class=\"\">\n<p>Kalender &#8222;Leben ist mehr&#8220;<\/p>\n<\/p><\/div>\n<\/p><\/div>\n<div data-colibri-id=\"146-c16\" class=\"d-block style-821 style-local-146-c16 position-relative h-element\">\n                  <!----><\/p>\n<div class=\"h-image__frame-container-outer\">\n                    <a href=\"https:\/\/www.lebenistmehr.de\/leben-ist-mehr.html\" target=\"_blank\" h-use-smooth-scroll=\"true\" class=\"image-link\" rel=\"noopener noreferrer\"><\/p>\n<div class=\"h-image__frame-container\">\n                        <!----><br \/>\n                        <!----><br \/>\n                        <img decoding=\"async\" loading=\"lazy\" width=\"194\" height=\"275\" src=\"https:\/\/neu.cg-ludwigsburg.de\/wp-content\/uploads\/2020\/10\/cropped-cropped-leben-ist-mehr-2020-paperback191-1.jpg\" class=\"wp-image-819 style-821-image style-local-146-c16-image\"><\/p>\n<div class=\"h-image__frame h-hide-lg h-hide-md h-hide-sm style-821-frameImage style-local-146-c16-frameImage\"><\/div>\n<\/p><\/div>\n<p>                    <\/a>\n                  <\/div>\n<\/p><\/div>\n<\/p><\/div>\n<\/p><\/div>\n<\/p><\/div>\n<\/p><\/div>\n<\/p><\/div>\n<\/p><\/div>\n<\/p><\/div>\n<div data-colibri-component=\"section\" data-colibri-id=\"146-c17\" id=\"reusable-sections-2\" class=\"h-section h-section-global-spacing d-flex align-items-lg-center align-items-md-center align-items-center style-1249 style-local-146-c17 position-relative\">\n    <!----><br \/>\n    <!----><\/p>\n<div class=\"h-section-grid-container h-section-boxed-container\">\n      <!----><\/p>\n<div data-colibri-id=\"146-c18\" class=\"h-row-container gutters-row-lg-2 gutters-row-md-2 gutters-row-0 gutters-row-v-lg-2 gutters-row-v-md-2 gutters-row-v-2 style-1250 style-local-146-c18 position-relative\">\n        <!----><\/p>\n<div class=\"h-row justify-content-lg-center justify-content-md-center justify-content-center align-items-lg-stretch align-items-md-stretch align-items-stretch gutters-col-lg-2 gutters-col-md-2 gutters-col-0 gutters-col-v-lg-2 gutters-col-v-md-2 gutters-col-v-2\">\n          <!----><\/p>\n<div class=\"h-column h-column-container d-flex h-col-lg-auto h-col-md-auto h-col-auto style-1251-outer style-local-146-c19-outer\">\n<div data-colibri-id=\"146-c19\" class=\"d-flex h-flex-basis h-column__inner h-ui-empty-state-container h-px-lg-2 h-px-md-2 h-px-2 v-inner-lg-2 v-inner-md-2 v-inner-2 style-1251 style-local-146-c19 position-relative\">\n              <!----><br \/>\n              <!----><\/p>\n<div class=\"w-100 h-y-container h-column__content h-column__v-align flex-basis-100\">\n                <!---->\n              <\/div>\n<\/p><\/div>\n<\/p><\/div>\n<div class=\"h-column h-column-container d-flex h-col-lg-auto h-col-md-auto h-col-auto style-1252-outer style-local-146-c20-outer\">\n<div data-colibri-id=\"146-c20\" class=\"d-flex h-flex-basis h-column__inner h-px-lg-2 h-px-md-2 h-px-2 v-inner-lg-2 v-inner-md-2 v-inner-2 style-1252 style-local-146-c20 position-relative\">\n              <!----><br \/>\n              <!----><\/p>\n<div class=\"w-100 h-y-container h-column__content h-column__v-align flex-basis-100 align-self-lg-start align-self-md-start align-self-start\">\n                <!----><\/p>\n<div data-colibri-id=\"146-c21\" class=\"h-x-container style-1253 style-local-146-c21 position-relative h-element\">\n                  <!----><\/p>\n<div class=\"h-x-container-inner style-dynamic-146-c21-group style-1253-spacing style-local-146-c21-spacing\"><span class=\"h-link__outer style-1254-outer style-local-146-c22-outer d-inline-flex h-element\"><a h-use-smooth-scroll=\"true\" href=\"https:\/\/neu.cg-ludwigsburg.de\/?page_id=146\"  data-colibri-id=\"146-c22\" class=\"d-flex w-100 align-items-center h-link style-1254 style-local-146-c22 position-relative\"><!----><!----> <span>Impressum<\/span><\/a><br \/>\n                    <\/span>\n                  <\/div>\n<\/p><\/div>\n<\/p><\/div>\n<\/p><\/div>\n<\/p><\/div>\n<div class=\"h-column h-column-container d-flex h-col-lg-auto h-col-md-auto h-col-auto style-1255-outer style-local-146-c23-outer\">\n<div data-colibri-id=\"146-c23\" class=\"d-flex h-flex-basis h-column__inner h-px-lg-2 h-px-md-2 h-px-2 v-inner-lg-2 v-inner-md-2 v-inner-2 style-1255 style-local-146-c23 position-relative\">\n              <!----><br \/>\n              <!----><\/p>\n<div class=\"w-100 h-y-container h-column__content h-column__v-align flex-basis-100 align-self-lg-start align-self-md-start align-self-start\">\n                <!----><\/p>\n<div data-colibri-id=\"146-c24\" class=\"h-x-container style-1256 style-local-146-c24 position-relative h-element\">\n                  <!----><\/p>\n<div class=\"h-x-container-inner style-dynamic-146-c24-group style-1256-spacing style-local-146-c24-spacing\"><span class=\"h-link__outer style-1257-outer style-local-146-c25-outer d-inline-flex h-element\"><a h-use-smooth-scroll=\"true\" href=\"https:\/\/neu.cg-ludwigsburg.de\/?page_id=1687\"  data-colibri-id=\"146-c25\" class=\"d-flex w-100 align-items-center h-link style-1257 style-local-146-c25 position-relative\"><!----><!----> <span>Datenschutz<\/span><\/a><br \/>\n                    <\/span>\n                  <\/div>\n<\/p><\/div>\n<\/p><\/div>\n<\/p><\/div>\n<\/p><\/div>\n<div class=\"h-column h-column-container d-flex h-col-lg-auto h-col-md-auto h-col-auto style-1258-outer style-local-146-c26-outer\">\n<div data-colibri-id=\"146-c26\" class=\"d-flex h-flex-basis h-column__inner h-px-lg-2 h-px-md-2 h-px-2 v-inner-lg-2 v-inner-md-2 v-inner-2 style-1258 style-local-146-c26 position-relative\">\n              <!----><br \/>\n              <!----><\/p>\n<div class=\"w-100 h-y-container h-column__content h-column__v-align flex-basis-100 align-self-lg-start align-self-md-start align-self-start\">\n                <!----><\/p>\n<div data-colibri-id=\"146-c27\" class=\"h-x-container style-1259 style-local-146-c27 position-relative h-element\">\n                  <!----><\/p>\n<div class=\"h-x-container-inner style-dynamic-146-c27-group style-1259-spacing style-local-146-c27-spacing\"><span class=\"h-link__outer style-1260-outer style-local-146-c28-outer d-inline-flex h-element\"><a h-use-smooth-scroll=\"true\" href=\"https:\/\/neu.cg-ludwigsburg.de\/?page_id=102\"  data-colibri-id=\"146-c28\" class=\"d-flex w-100 align-items-center h-link style-1260 style-local-146-c28 position-relative\"><!----><!----> <span>Kontakt<\/span><\/a><br \/>\n                    <\/span>\n                  <\/div>\n<\/p><\/div>\n<\/p><\/div>\n<\/p><\/div>\n<\/p><\/div>\n<div class=\"h-column h-column-container d-flex h-col-lg-auto h-col-md-auto h-col-auto style-1261-outer style-local-146-c29-outer\">\n<div data-colibri-id=\"146-c29\" class=\"d-flex h-flex-basis h-column__inner h-px-lg-2 h-px-md-2 h-px-2 v-inner-lg-2 v-inner-md-2 v-inner-2 style-1261 style-local-146-c29 position-relative\">\n              <!----><br \/>\n              <!----><\/p>\n<div class=\"w-100 h-y-container h-column__content h-column__v-align flex-basis-100 align-self-lg-start align-self-md-start align-self-start\">\n                <!----><\/p>\n<div data-colibri-id=\"146-c30\" class=\"h-x-container style-1262 style-local-146-c30 position-relative h-element\">\n                  <!----><\/p>\n<div class=\"h-x-container-inner style-dynamic-146-c30-group style-1262-spacing style-local-146-c30-spacing\"><span class=\"h-link__outer style-1263-outer style-local-146-c31-outer d-inline-flex h-element\"><a h-use-smooth-scroll=\"true\" href=\" https:\/\/neu.cg-ludwigsburg.de\/?page_id=69\"  data-colibri-id=\"146-c31\" class=\"d-flex w-100 align-items-center h-link style-1263 style-local-146-c31 position-relative\"><!----><!----> <span>Anfahrt<\/span><\/a><br \/>\n                    <\/span>\n                  <\/div>\n<\/p><\/div>\n<\/p><\/div>\n<\/p><\/div>\n<\/p><\/div>\n<div class=\"h-column h-column-container d-flex h-col-lg-auto h-col-md-auto h-col-auto style-1264-outer style-local-146-c32-outer\">\n<div data-colibri-id=\"146-c32\" class=\"d-flex h-flex-basis h-column__inner h-ui-empty-state-container h-px-lg-2 h-px-md-2 h-px-2 v-inner-lg-2 v-inner-md-2 v-inner-2 style-1264 style-local-146-c32 position-relative\">\n              <!----><br \/>\n              <!----><\/p>\n<div class=\"w-100 h-y-container h-column__content h-column__v-align flex-basis-100\">\n                <!---->\n              <\/div>\n<\/p><\/div>\n<\/p><\/div>\n<\/p><\/div>\n<\/p><\/div>\n<\/p><\/div>\n<\/p><\/div>\n<\/div>\n","protected":false},"excerpt":{"rendered":"<p>Impressum verantwortlich im Sinne \u00a76 TDG Christliche Gemeinde Ludwigsburg-O\u00dfweil Wikingerstr. 10 71640 Ludwigsburg O\u00dfweil Web: www.cg-ludwigsburg.de E-Mail: webmaster(at)cg-ludwigsburg.de \u00a9 by www.cg-ludwigsburg.de Aus rechtlichen Gr\u00fcnden noch folgender Hinweis: Wir verlinken auf eine Reihe von anderen Webseiten. Das hei\u00dft nicht notwendigerweise, dass wir auch mit den Inhalten dieser Seiten in allen Punkten \u00fcbereinstimmen. zur\u00fcck Impuls f\u00fcr den [&hellip;]<\/p>\n","protected":false},"author":1,"featured_media":0,"parent":0,"menu_order":0,"comment_status":"closed","ping_status":"closed","template":"page-templates\/homepage.php","meta":[],"_links":{"self":[{"href":"https:\/\/neu.cg-ludwigsburg.de\/index.php?rest_route=\/wp\/v2\/pages\/146"}],"collection":[{"href":"https:\/\/neu.cg-ludwigsburg.de\/index.php?rest_route=\/wp\/v2\/pages"}],"about":[{"href":"https:\/\/neu.cg-ludwigsburg.de\/index.php?rest_route=\/wp\/v2\/types\/page"}],"author":[{"embeddable":true,"href":"https:\/\/neu.cg-ludwigsburg.de\/index.php?rest_route=\/wp\/v2\/users\/1"}],"replies":[{"embeddable":true,"href":"https:\/\/neu.cg-ludwigsburg.de\/index.php?rest_route=%2Fwp%2Fv2%2Fcomments&post=146"}],"version-history":[{"count":9,"href":"https:\/\/neu.cg-ludwigsburg.de\/index.php?rest_route=\/wp\/v2\/pages\/146\/revisions"}],"predecessor-version":[{"id":2179,"href":"https:\/\/neu.cg-ludwigsburg.de\/index.php?rest_route=\/wp\/v2\/pages\/146\/revisions\/2179"}],"wp:attachment":[{"href":"https:\/\/neu.cg-ludwigsburg.de\/index.php?rest_route=%2Fwp%2Fv2%2Fmedia&parent=146"}],"curies":[{"name":"wp","href":"https:\/\/api.w.org\/{rel}","templated":true}]}}