{"id":1935,"date":"2020-11-08T21:25:52","date_gmt":"2020-11-08T19:25:52","guid":{"rendered":"https:\/\/neu.cg-ludwigsburg.de\/?page_id=1935"},"modified":"2021-04-11T20:26:18","modified_gmt":"2021-04-11T19:26:18","slug":"ter","status":"publish","type":"page","link":"https:\/\/neu.cg-ludwigsburg.de\/?page_id=1935","title":{"rendered":"Termine"},"content":{"rendered":"<div data-colibri-id=\"1935-c1\" class=\"style-1297 style-local-1935-c1 position-relative\">\n  <!---->\n  <div data-colibri-component=\"section\" data-colibri-id=\"1935-c2\" id=\"reusable-sections\" class=\"h-section h-section-global-spacing d-flex align-items-lg-center align-items-md-center align-items-center style-1302 style-local-1935-c2 position-relative\">\n    <!---->\n    <!---->\n    <div class=\"h-section-grid-container h-section-boxed-container\">\n      <!---->\n      <div data-colibri-id=\"1935-c3\" class=\"h-row-container gutters-row-lg-2 gutters-row-md-2 gutters-row-0 gutters-row-v-lg-2 gutters-row-v-md-2 gutters-row-v-2 style-1303 style-local-1935-c3 position-relative\">\n        <!---->\n        <div class=\"h-row justify-content-lg-center justify-content-md-center justify-content-center align-items-lg-stretch align-items-md-stretch align-items-stretch gutters-col-lg-2 gutters-col-md-2 gutters-col-0 gutters-col-v-lg-2 gutters-col-v-md-2 gutters-col-v-2\">\n          <!---->\n          <div class=\"h-column h-column-container d-flex h-col-lg-auto h-col-md-auto h-col-auto style-1304-outer style-local-1935-c4-outer\">\n            <div data-colibri-id=\"1935-c4\" class=\"d-flex h-flex-basis h-column__inner h-px-lg-2 h-px-md-2 h-px-2 v-inner-lg-2 v-inner-md-2 v-inner-2 style-1304 style-local-1935-c4 position-relative\">\n              <!---->\n              <!---->\n              <div class=\"w-100 h-y-container h-column__content h-column__v-align flex-basis-100 align-self-lg-start align-self-md-start align-self-start\">\n                <!---->\n                <div data-colibri-id=\"1935-c5\" class=\"h-text h-text-component style-1355 style-local-1935-c5 position-relative h-element\">\n                  <!---->\n                  <!---->\n                  <div class=\"\">\n                    <p>Termine<\/p>\n                  <\/div>\n                <\/div>\n              <\/div>\n            <\/div>\n          <\/div>\n          <div class=\"h-column h-column-container d-flex h-col-lg-auto h-col-md-auto h-col-auto style-1307-outer style-local-1935-c6-outer\">\n            <div data-colibri-id=\"1935-c6\" class=\"d-flex h-flex-basis h-column__inner h-px-lg-2 h-px-md-2 h-px-2 v-inner-lg-2 v-inner-md-2 v-inner-2 style-1307 style-local-1935-c6 position-relative\">\n              <!---->\n              <!---->\n              <div class=\"w-100 h-y-container h-column__content h-column__v-align flex-basis-100 align-self-lg-start align-self-md-start align-self-start\">\n                <!---->\n                <div data-colibri-id=\"1935-c7\" class=\"h-text h-text-component style-1308 style-local-1935-c7 position-relative h-element\">\n                  <!---->\n                  <!---->\n                  <div class=\"\">\n                    <p>&nbsp;\n                      <br>\n                    <\/p>\n                  <\/div>\n                <\/div>\n              <\/div>\n            <\/div>\n          <\/div>\n        <\/div>\n      <\/div>\n      <div data-colibri-id=\"1935-c8\" class=\"h-row-container gutters-row-lg-2 gutters-row-md-2 gutters-row-0 gutters-row-v-lg-2 gutters-row-v-md-2 gutters-row-v-2 style-1310 style-local-1935-c8 position-relative\">\n        <!---->\n        <div class=\"h-row justify-content-lg-center justify-content-md-center justify-content-center align-items-lg-stretch align-items-md-stretch align-items-stretch gutters-col-lg-2 gutters-col-md-2 gutters-col-0 gutters-col-v-lg-2 gutters-col-v-md-2 gutters-col-v-2\">\n          <!---->\n          <div class=\"h-column h-column-container d-flex h-col-lg-auto h-col-md-auto h-col-auto style-1311-outer style-local-1935-c9-outer\">\n            <div data-colibri-id=\"1935-c9\" class=\"d-flex h-flex-basis h-column__inner h-px-lg-2 h-px-md-2 h-px-2 v-inner-lg-2 v-inner-md-2 v-inner-2 style-1311 style-local-1935-c9 position-relative\">\n              <!---->\n              <!---->\n              <div class=\"w-100 h-y-container h-column__content h-column__v-align flex-basis-100 align-self-lg-start align-self-md-start align-self-start\">\n                <!---->\n                <div data-colibri-id=\"1935-c10\" class=\"style-1301 style-local-1935-c10 position-relative h-element\">\n                  <!---->\n                  <div>\n                    \n                    <p>\n                      <iframe loading=\"lazy\" src=\"https:\/\/www.google.com\/calendar\/embed?title=Jahres-Termin%C3%BCbersicht&amp;mode=AGENDA&amp;height=600&amp;wkst=1&amp;bgcolor=%23FFFFFF&amp;src=5v3pcgop6ev1aqfjli0hcpp0ao%40group.calendar.google.com&amp;color=%23B1365F&amp;ctz=Europe%2FBerlin\"\n                        scrolling=\"no\" width=\"700\" height=\"700\" frameborder=\"0\"><\/iframe>\n                    <\/p>\n                    \n                  <\/div>\n                <\/div>\n              <\/div>\n            <\/div>\n          <\/div>\n          <div class=\"h-column h-column-container d-flex h-col-lg-auto h-col-md-auto h-col-auto style-1313-outer style-local-1935-c11-outer\">\n            <div data-colibri-id=\"1935-c11\" class=\"d-flex h-flex-basis h-column__inner h-px-lg-2 h-px-md-2 h-px-2 v-inner-lg-2 v-inner-md-2 v-inner-2 style-1313 style-local-1935-c11 position-relative\">\n              <!---->\n              <!---->\n              <div class=\"w-100 h-y-container h-column__content h-column__v-align flex-basis-100 align-self-lg-start align-self-md-start align-self-start\">\n                <!---->\n                <div data-colibri-id=\"1935-c12\" class=\"h-text h-text-component style-1305 style-local-1935-c12 position-relative h-element\">\n                  <!---->\n                  <!---->\n                  <div class=\"\">\n                    <h5>regelm\u00e4\u00dfige termine<\/h5>\n                  <\/div>\n                <\/div>\n                <div data-colibri-id=\"1935-c13\" class=\"h-text h-text-component style-1306 style-local-1935-c13 position-relative h-element\">\n                  <!---->\n                  <!---->\n                  <div class=\"\">\n                    <p>Sonntag:\n                      <br>9:30 Uhr Mahl des Herrn\n                      <br>11:00 Uhr Wortverk\u00fcndigung (Predigt)<\/p>\n                    <p>Mittwoch:\n                      <br>19:30 Uhr Gebets- und Bibelstunde\n                      <br>&nbsp;findet wieder in O\u00dfweil statt\n                      <br>\n                    <\/p>\n                  <\/div>\n                <\/div>\n                <div data-colibri-id=\"1935-c14\" class=\"h-x-container style-1336 style-local-1935-c14 position-relative h-element\">\n                  <!---->\n                  <div class=\"h-x-container-inner style-dynamic-1935-c14-group style-1336-spacing style-local-1935-c14-spacing\"><span class=\"h-link__outer style-1337-outer style-local-1935-c15-outer d-inline-flex h-element\"><a h-use-smooth-scroll=\"true\" href=\"https:\/\/cg-ludwigsburg.de\/files\/images\/GemTermine2021-04.pdf\" target=\"_blank\" data-colibri-id=\"1935-c15\" class=\"d-flex w-100 align-items-center h-link style-1337 style-local-1935-c15 position-relative\" rel=\"noopener\"><!----><!----> <span>monatliche Termin\u00fcbersicht<\/span><\/a>\n                    <\/span>\n                  <\/div>\n                <\/div>\n                <div data-colibri-id=\"1935-c16\" class=\"style-1356 style-local-1935-c16 position-relative h-element\">\n                  <!---->\n                <\/div>\n                <div data-colibri-id=\"1935-c17\" class=\"h-global-transition-all h-heading style-1314 style-local-1935-c17 position-relative h-element\">\n                  <!---->\n                  <div class=\"h-heading__outer style-1314 style-local-1935-c17\">\n                    <!---->\n                    <!---->\n                    <h2 class=\"\">Impuls f\u00fcr den Tag<\/h2>\n                  <\/div>\n                <\/div>\n                <div data-colibri-id=\"1935-c18\" class=\"h-text h-text-component style-1315 style-local-1935-c18 position-relative h-element\">\n                  <!---->\n                  <!---->\n                  <div class=\"\">\n                    <p>hier finden Sie einen kurzen nachdenklichen Text f\u00fcr jeden Tag.<\/p>\n                  <\/div>\n                <\/div>\n                <div data-colibri-id=\"1935-c19\" class=\"h-text h-text-component style-1316 style-local-1935-c19 position-relative h-element\">\n                  <!---->\n                  <!---->\n                  <div class=\"\">\n                    <p>Kalender &#8222;die Gute Saat&#8220;<\/p>\n                  <\/div>\n                <\/div>\n                <div data-colibri-id=\"1935-c20\" class=\"d-block style-1317 style-local-1935-c20 position-relative h-element\">\n                  <!---->\n                  <div class=\"h-image__frame-container-outer\">\n                    <a href=\"https:\/\/neu.cg-ludwigsburg.de\/?page_id=83\" h-use-smooth-scroll=\"true\" class=\"image-link\">\n                      <div class=\"h-image__frame-container\">\n                        <!---->\n                        <!---->\n                        <img decoding=\"async\" loading=\"lazy\" width=\"125\" height=\"191\" src=\"https:\/\/neu.cg-ludwigsburg.de\/wp-content\/uploads\/2020\/10\/cropped-cropped-die-gute-saat-2020-buchkalender-paperback191x191-1.jpg\" class=\"wp-image-783 style-1317-image style-local-1935-c20-image\">\n                        <div class=\"h-image__frame h-hide-lg h-hide-md h-hide-sm style-1317-frameImage style-local-1935-c20-frameImage\"><\/div>\n                      <\/div>\n                    <\/a>\n                  <\/div>\n                <\/div>\n                <div data-colibri-id=\"1935-c21\" class=\"h-text h-text-component style-1318 style-local-1935-c21 position-relative h-element\">\n                  <!---->\n                  <!---->\n                  <div class=\"\">\n                    <p>Kalender &#8222;Leben ist mehr&#8220;<\/p>\n                  <\/div>\n                <\/div>\n                <div data-colibri-id=\"1935-c22\" class=\"d-block style-1319 style-local-1935-c22 position-relative h-element\">\n                  <!---->\n                  <div class=\"h-image__frame-container-outer\">\n                    <a href=\"https:\/\/www.lebenistmehr.de\/leben-ist-mehr.html\" target=\"_blank\" h-use-smooth-scroll=\"true\" class=\"image-link\" rel=\"noopener\">\n                      <div class=\"h-image__frame-container\">\n                        <!---->\n                        <!---->\n                        <img decoding=\"async\" loading=\"lazy\" width=\"194\" height=\"275\" src=\"https:\/\/neu.cg-ludwigsburg.de\/wp-content\/uploads\/2020\/10\/cropped-cropped-leben-ist-mehr-2020-paperback191-1.jpg\" class=\"wp-image-819 style-1319-image style-local-1935-c22-image\">\n                        <div class=\"h-image__frame h-hide-lg h-hide-md h-hide-sm style-1319-frameImage style-local-1935-c22-frameImage\"><\/div>\n                      <\/div>\n                    <\/a>\n                  <\/div>\n                <\/div>\n              <\/div>\n            <\/div>\n          <\/div>\n        <\/div>\n      <\/div>\n    <\/div>\n  <\/div>\n  <div data-colibri-component=\"section\" data-colibri-id=\"1935-c23\" id=\"reusable-sections-3\" class=\"h-section h-section-global-spacing d-flex align-items-lg-center align-items-md-center align-items-center style-1396 style-local-1935-c23 position-relative\">\n    <!---->\n    <!---->\n    <div class=\"h-section-grid-container h-section-boxed-container\">\n      <!---->\n      <div data-colibri-id=\"1935-c24\" class=\"h-row-container gutters-row-lg-2 gutters-row-md-2 gutters-row-0 gutters-row-v-lg-2 gutters-row-v-md-2 gutters-row-v-2 style-1397 style-local-1935-c24 position-relative\">\n        <!---->\n        <div class=\"h-row justify-content-lg-center justify-content-md-center justify-content-center align-items-lg-stretch align-items-md-stretch align-items-stretch gutters-col-lg-2 gutters-col-md-2 gutters-col-0 gutters-col-v-lg-2 gutters-col-v-md-2 gutters-col-v-2\">\n          <!---->\n          <div class=\"h-column h-column-container d-flex h-col-lg-auto h-col-md-auto h-col-auto style-1398-outer style-local-1935-c25-outer\">\n            <div data-colibri-id=\"1935-c25\" class=\"d-flex h-flex-basis h-column__inner h-px-lg-2 h-px-md-2 h-px-2 v-inner-lg-2 v-inner-md-2 v-inner-2 style-1398 style-local-1935-c25 position-relative\">\n              <!---->\n              <!---->\n              <div class=\"w-100 h-y-container h-column__content h-column__v-align flex-basis-100 align-self-lg-start align-self-md-start align-self-start\">\n                <!---->\n                <div data-colibri-id=\"1935-c26\" class=\"style-1399 style-local-1935-c26 position-relative h-element\">\n                  <!---->\n                  <div>\n                    \n\n                  <\/div>\n                <\/div>\n              <\/div>\n            <\/div>\n          <\/div>\n        <\/div>\n      <\/div>\n    <\/div>\n  <\/div>\n  <div data-colibri-component=\"section\" data-colibri-id=\"1935-c27\" id=\"reusable-sections-4\" class=\"h-section h-section-global-spacing d-flex align-items-lg-center align-items-md-center align-items-center style-1400 style-local-1935-c27 position-relative\">\n    <!---->\n    <!---->\n    <div class=\"h-section-grid-container h-section-boxed-container\">\n      <!---->\n      <div data-colibri-id=\"1935-c28\" class=\"h-row-container gutters-row-lg-2 gutters-row-md-2 gutters-row-0 gutters-row-v-lg-2 gutters-row-v-md-2 gutters-row-v-2 style-1401 style-local-1935-c28 position-relative\">\n        <!---->\n        <div class=\"h-row justify-content-lg-center justify-content-md-center justify-content-center align-items-lg-stretch align-items-md-stretch align-items-stretch gutters-col-lg-2 gutters-col-md-2 gutters-col-0 gutters-col-v-lg-2 gutters-col-v-md-2 gutters-col-v-2\">\n          <!---->\n          <div class=\"h-column h-column-container d-flex h-col-lg-auto h-col-md-auto h-col-auto style-1402-outer style-local-1935-c29-outer\">\n            <div data-colibri-id=\"1935-c29\" class=\"d-flex h-flex-basis h-column__inner h-ui-empty-state-container h-px-lg-2 h-px-md-2 h-px-2 v-inner-lg-2 v-inner-md-2 v-inner-2 style-1402 style-local-1935-c29 position-relative\">\n              <!---->\n              <!---->\n              <div class=\"w-100 h-y-container h-column__content h-column__v-align flex-basis-100\">\n                <!---->\n              <\/div>\n            <\/div>\n          <\/div>\n          <div class=\"h-column h-column-container d-flex h-col-lg-auto h-col-md-auto h-col-auto style-1403-outer style-local-1935-c30-outer\">\n            <div data-colibri-id=\"1935-c30\" class=\"d-flex h-flex-basis h-column__inner h-px-lg-2 h-px-md-2 h-px-2 v-inner-lg-2 v-inner-md-2 v-inner-2 style-1403 style-local-1935-c30 position-relative\">\n              <!---->\n              <!---->\n              <div class=\"w-100 h-y-container h-column__content h-column__v-align flex-basis-100 align-self-lg-start align-self-md-start align-self-start\">\n                <!---->\n                <div data-colibri-id=\"1935-c31\" class=\"h-x-container style-1404 style-local-1935-c31 position-relative h-element\">\n                  <!---->\n                  <div class=\"h-x-container-inner style-dynamic-1935-c31-group style-1404-spacing style-local-1935-c31-spacing\"><span class=\"h-link__outer style-1405-outer style-local-1935-c32-outer d-inline-flex h-element\"><a h-use-smooth-scroll=\"true\" href=\"https:\/\/neu.cg-ludwigsburg.de\/?page_id=146\"  data-colibri-id=\"1935-c32\" class=\"d-flex w-100 align-items-center h-link style-1405 style-local-1935-c32 position-relative\"><!----><!----> <span>Impressum<\/span><\/a>\n                    <\/span>\n                  <\/div>\n                <\/div>\n              <\/div>\n            <\/div>\n          <\/div>\n          <div class=\"h-column h-column-container d-flex h-col-lg-auto h-col-md-auto h-col-auto style-1406-outer style-local-1935-c33-outer\">\n            <div data-colibri-id=\"1935-c33\" class=\"d-flex h-flex-basis h-column__inner h-px-lg-2 h-px-md-2 h-px-2 v-inner-lg-2 v-inner-md-2 v-inner-2 style-1406 style-local-1935-c33 position-relative\">\n              <!---->\n              <!---->\n              <div class=\"w-100 h-y-container h-column__content h-column__v-align flex-basis-100 align-self-lg-start align-self-md-start align-self-start\">\n                <!---->\n                <div data-colibri-id=\"1935-c34\" class=\"h-x-container style-1407 style-local-1935-c34 position-relative h-element\">\n                  <!---->\n                  <div class=\"h-x-container-inner style-dynamic-1935-c34-group style-1407-spacing style-local-1935-c34-spacing\"><span class=\"h-link__outer style-1408-outer style-local-1935-c35-outer d-inline-flex h-element\"><a h-use-smooth-scroll=\"true\" href=\"https:\/\/neu.cg-ludwigsburg.de\/?page_id=1687\"  data-colibri-id=\"1935-c35\" class=\"d-flex w-100 align-items-center h-link style-1408 style-local-1935-c35 position-relative\"><!----><!----> <span>Datenschutz<\/span><\/a>\n                    <\/span>\n                  <\/div>\n                <\/div>\n              <\/div>\n            <\/div>\n          <\/div>\n          <div class=\"h-column h-column-container d-flex h-col-lg-auto h-col-md-auto h-col-auto style-1409-outer style-local-1935-c36-outer\">\n            <div data-colibri-id=\"1935-c36\" class=\"d-flex h-flex-basis h-column__inner h-px-lg-2 h-px-md-2 h-px-2 v-inner-lg-2 v-inner-md-2 v-inner-2 style-1409 style-local-1935-c36 position-relative\">\n              <!---->\n              <!---->\n              <div class=\"w-100 h-y-container h-column__content h-column__v-align flex-basis-100 align-self-lg-start align-self-md-start align-self-start\">\n                <!---->\n                <div data-colibri-id=\"1935-c37\" class=\"h-x-container style-1410 style-local-1935-c37 position-relative h-element\">\n                  <!---->\n                  <div class=\"h-x-container-inner style-dynamic-1935-c37-group style-1410-spacing style-local-1935-c37-spacing\"><span class=\"h-link__outer style-1411-outer style-local-1935-c38-outer d-inline-flex h-element\"><a h-use-smooth-scroll=\"true\" href=\"https:\/\/neu.cg-ludwigsburg.de\/?page_id=102\"  data-colibri-id=\"1935-c38\" class=\"d-flex w-100 align-items-center h-link style-1411 style-local-1935-c38 position-relative\"><!----><!----> <span>Kontakt<\/span><\/a>\n                    <\/span>\n                  <\/div>\n                <\/div>\n              <\/div>\n            <\/div>\n          <\/div>\n          <div class=\"h-column h-column-container d-flex h-col-lg-auto h-col-md-auto h-col-auto style-1412-outer style-local-1935-c39-outer\">\n            <div data-colibri-id=\"1935-c39\" class=\"d-flex h-flex-basis h-column__inner h-px-lg-2 h-px-md-2 h-px-2 v-inner-lg-2 v-inner-md-2 v-inner-2 style-1412 style-local-1935-c39 position-relative\">\n              <!---->\n              <!---->\n              <div class=\"w-100 h-y-container h-column__content h-column__v-align flex-basis-100 align-self-lg-start align-self-md-start align-self-start\">\n                <!---->\n                <div data-colibri-id=\"1935-c40\" class=\"h-x-container style-1413 style-local-1935-c40 position-relative h-element\">\n                  <!---->\n                  <div class=\"h-x-container-inner style-dynamic-1935-c40-group style-1413-spacing style-local-1935-c40-spacing\"><span class=\"h-link__outer style-1414-outer style-local-1935-c41-outer d-inline-flex h-element\"><a h-use-smooth-scroll=\"true\" href=\" https:\/\/neu.cg-ludwigsburg.de\/?page_id=69\"  data-colibri-id=\"1935-c41\" class=\"d-flex w-100 align-items-center h-link style-1414 style-local-1935-c41 position-relative\"><!----><!----> <span>Anfahrt<\/span><\/a>\n                    <\/span>\n                  <\/div>\n                <\/div>\n              <\/div>\n            <\/div>\n          <\/div>\n          <div class=\"h-column h-column-container d-flex h-col-lg-auto h-col-md-auto h-col-auto style-1415-outer style-local-1935-c42-outer\">\n            <div data-colibri-id=\"1935-c42\" class=\"d-flex h-flex-basis h-column__inner h-ui-empty-state-container h-px-lg-2 h-px-md-2 h-px-2 v-inner-lg-2 v-inner-md-2 v-inner-2 style-1415 style-local-1935-c42 position-relative\">\n              <!---->\n              <!---->\n              <div class=\"w-100 h-y-container h-column__content h-column__v-align flex-basis-100\">\n                <!---->\n              <\/div>\n            <\/div>\n          <\/div>\n        <\/div>\n      <\/div>\n    <\/div>\n  <\/div>\n<\/div>","protected":false},"excerpt":{"rendered":"<p>Termine &nbsp; regelm\u00e4\u00dfige termine Sonntag: 9:30 Uhr Mahl des Herrn 11:00 Uhr Wortverk\u00fcndigung (Predigt) Mittwoch: 19:30 Uhr Gebets- und Bibelstunde &nbsp;findet wieder in O\u00dfweil statt monatliche Termin\u00fcbersicht Impuls f\u00fcr den Tag hier finden Sie einen kurzen nachdenklichen Text f\u00fcr jeden Tag. Kalender &#8222;die Gute Saat&#8220; Kalender &#8222;Leben ist mehr&#8220; Impressum Datenschutz Kontakt Anfahrt<\/p>\n","protected":false},"author":1,"featured_media":0,"parent":0,"menu_order":0,"comment_status":"closed","ping_status":"closed","template":"page-templates\/full-width-page.php","meta":[],"_links":{"self":[{"href":"https:\/\/neu.cg-ludwigsburg.de\/index.php?rest_route=\/wp\/v2\/pages\/1935"}],"collection":[{"href":"https:\/\/neu.cg-ludwigsburg.de\/index.php?rest_route=\/wp\/v2\/pages"}],"about":[{"href":"https:\/\/neu.cg-ludwigsburg.de\/index.php?rest_route=\/wp\/v2\/types\/page"}],"author":[{"embeddable":true,"href":"https:\/\/neu.cg-ludwigsburg.de\/index.php?rest_route=\/wp\/v2\/users\/1"}],"replies":[{"embeddable":true,"href":"https:\/\/neu.cg-ludwigsburg.de\/index.php?rest_route=%2Fwp%2Fv2%2Fcomments&post=1935"}],"version-history":[{"count":20,"href":"https:\/\/neu.cg-ludwigsburg.de\/index.php?rest_route=\/wp\/v2\/pages\/1935\/revisions"}],"predecessor-version":[{"id":3278,"href":"https:\/\/neu.cg-ludwigsburg.de\/index.php?rest_route=\/wp\/v2\/pages\/1935\/revisions\/3278"}],"wp:attachment":[{"href":"https:\/\/neu.cg-ludwigsburg.de\/index.php?rest_route=%2Fwp%2Fv2%2Fmedia&parent=1935"}],"curies":[{"name":"wp","href":"https:\/\/api.w.org\/{rel}","templated":true}]}}